{"id":23,"date":"2020-06-05T08:45:57","date_gmt":"2020-06-05T08:45:57","guid":{"rendered":"https:\/\/ludifex.de\/?page_id=23"},"modified":"2021-06-30T09:54:54","modified_gmt":"2021-06-30T09:54:54","slug":"tigger-krogg","status":"publish","type":"page","link":"https:\/\/ludifex.de\/?page_id=23","title":{"rendered":"Tigger &#038; Krogg"},"content":{"rendered":"\n<p>Hilf zwei Kindern die S\u00fc\u00dfigkeiten aufzusammeln bevor sie von fiesen Monstern gefressen werden. Ein kleines und schnelles Spiel das im Browser l\u00e4uft und Kinden den Umgang mit Spielkontrollern und Spielmechanismen n\u00e4her bringen soll.<\/p>\n\n\n\n<figure class=\"wp-block-image size-large\"><img loading=\"lazy\" width=\"1024\" height=\"638\" src=\"https:\/\/ludifex.de\/wp-content\/uploads\/2021\/06\/2021-06-30-11_03_33-Unity-WebGL-Player-_-Tigger-Krock-und-31-weitere-Seiten-Persoenlich-\u2013-Microso-1024x638.png\" alt=\"\" class=\"wp-image-69\" srcset=\"https:\/\/ludifex.de\/wp-content\/uploads\/2021\/06\/2021-06-30-11_03_33-Unity-WebGL-Player-_-Tigger-Krock-und-31-weitere-Seiten-Persoenlich-\u2013-Microso-1024x638.png 1024w, https:\/\/ludifex.de\/wp-content\/uploads\/2021\/06\/2021-06-30-11_03_33-Unity-WebGL-Player-_-Tigger-Krock-und-31-weitere-Seiten-Persoenlich-\u2013-Microso-300x187.png 300w, https:\/\/ludifex.de\/wp-content\/uploads\/2021\/06\/2021-06-30-11_03_33-Unity-WebGL-Player-_-Tigger-Krock-und-31-weitere-Seiten-Persoenlich-\u2013-Microso-768x478.png 768w, https:\/\/ludifex.de\/wp-content\/uploads\/2021\/06\/2021-06-30-11_03_33-Unity-WebGL-Player-_-Tigger-Krock-und-31-weitere-Seiten-Persoenlich-\u2013-Microso.png 1196w\" sizes=\"(max-width: 1024px) 100vw, 1024px\" \/><\/figure>\n","protected":false},"excerpt":{"rendered":"<p>Hilf zwei Kindern die S\u00fc\u00dfigkeiten aufzusammeln bevor sie von fiesen Monstern gefressen werden. Ein kleines und schnelles Spiel das im Browser l\u00e4uft und Kinden den Umgang mit Spielkontrollern und Spielmechanismen n\u00e4her bringen soll.<\/p>\n","protected":false},"author":1,"featured_media":0,"parent":0,"menu_order":0,"comment_status":"closed","ping_status":"closed","template":"","meta":[],"_links":{"self":[{"href":"https:\/\/ludifex.de\/index.php?rest_route=\/wp\/v2\/pages\/23"}],"collection":[{"href":"https:\/\/ludifex.de\/index.php?rest_route=\/wp\/v2\/pages"}],"about":[{"href":"https:\/\/ludifex.de\/index.php?rest_route=\/wp\/v2\/types\/page"}],"author":[{"embeddable":true,"href":"https:\/\/ludifex.de\/index.php?rest_route=\/wp\/v2\/users\/1"}],"replies":[{"embeddable":true,"href":"https:\/\/ludifex.de\/index.php?rest_route=%2Fwp%2Fv2%2Fcomments&post=23"}],"version-history":[{"count":3,"href":"https:\/\/ludifex.de\/index.php?rest_route=\/wp\/v2\/pages\/23\/revisions"}],"predecessor-version":[{"id":70,"href":"https:\/\/ludifex.de\/index.php?rest_route=\/wp\/v2\/pages\/23\/revisions\/70"}],"wp:attachment":[{"href":"https:\/\/ludifex.de\/index.php?rest_route=%2Fwp%2Fv2%2Fmedia&parent=23"}],"curies":[{"name":"wp","href":"https:\/\/api.w.org\/{rel}","templated":true}]}}